{"id":113,"date":"2018-03-10T17:35:55","date_gmt":"2018-03-10T16:35:55","guid":{"rendered":"http:\/\/www.portugalaustria.at\/de-at\/?page_id=113"},"modified":"2020-01-18T17:23:36","modified_gmt":"2020-01-18T16:23:36","slug":"zyklus-des-portugiesischsprachigen-films","status":"publish","type":"page","link":"https:\/\/www.portugalaustria.at\/de-at\/zyklus-des-portugiesischsprachigen-films\/","title":{"rendered":"Zyklus des portugiesischsprachigen Films"},"content":{"rendered":"<div id=\"pl-113\"  class=\"panel-layout\" >\n<div id=\"pg-113-0\"  class=\"panel-grid panel-no-style\" >\n<div id=\"pgc-113-0-0\"  class=\"panel-grid-cell\"  data-weight=\"1\" >\n<div id=\"panel-113-0-0-0\" class=\"so-panel widget widget_sow-editor panel-first-child panel-last-child\" data-index=\"0\" data-style=\"{&quot;background_image_attachment&quot;:false,&quot;background_display&quot;:&quot;tile&quot;,&quot;font_color&quot;:&quot;#000000&quot;}\" >\n<div class=\"panel-widget-style panel-widget-style-for-113-0-0-0\" >\n<div class=\"so-widget-sow-editor so-widget-sow-editor-base\">\n<div class=\"siteorigin-widget-tinymce textwidget\">\n<p><span style=\"font-weight: 400;\">Unsere Kinoabende starten demn\u00e4chst wieder. Programm wird hier angek\u00fcndigt.<br \/>\n<\/span><\/p>\n<p>Ort: in der \u00d6PG<\/p>\n<\/div>\n<\/div>\n<\/div>\n<\/div>\n<\/div>\n<\/div>\n<\/div>\n","protected":false},"excerpt":{"rendered":"<p>Unsere Kinoabende starten demn\u00e4chst wieder. Programm wird hier angek\u00fcndigt. Ort: in der \u00d6PG<\/p>\n","protected":false},"author":1,"featured_media":0,"parent":0,"menu_order":0,"comment_status":"closed","ping_status":"closed","template":"","meta":{"footnotes":""},"class_list":["post-113","page","type-page","status-publish","hentry"],"_links":{"self":[{"href":"https:\/\/www.portugalaustria.at\/de-at\/wp-json\/wp\/v2\/pages\/113","targetHints":{"allow":["GET"]}}],"collection":[{"href":"https:\/\/www.portugalaustria.at\/de-at\/wp-json\/wp\/v2\/pages"}],"about":[{"href":"https:\/\/www.portugalaustria.at\/de-at\/wp-json\/wp\/v2\/types\/page"}],"author":[{"embeddable":true,"href":"https:\/\/www.portugalaustria.at\/de-at\/wp-json\/wp\/v2\/users\/1"}],"replies":[{"embeddable":true,"href":"https:\/\/www.portugalaustria.at\/de-at\/wp-json\/wp\/v2\/comments?post=113"}],"version-history":[{"count":22,"href":"https:\/\/www.portugalaustria.at\/de-at\/wp-json\/wp\/v2\/pages\/113\/revisions"}],"predecessor-version":[{"id":691,"href":"https:\/\/www.portugalaustria.at\/de-at\/wp-json\/wp\/v2\/pages\/113\/revisions\/691"}],"wp:attachment":[{"href":"https:\/\/www.portugalaustria.at\/de-at\/wp-json\/wp\/v2\/media?parent=113"}],"curies":[{"name":"wp","href":"https:\/\/api.w.org\/{rel}","templated":true}]}}