{"id":15,"date":"2018-02-14T07:19:24","date_gmt":"2018-02-14T06:19:24","guid":{"rendered":"http:\/\/www.portugalaustria.at\/de-at\/?page_id=15"},"modified":"2018-05-19T22:31:05","modified_gmt":"2018-05-19T20:31:05","slug":"impressum","status":"publish","type":"page","link":"https:\/\/www.portugalaustria.at\/de-at\/impressum\/","title":{"rendered":"Impressum"},"content":{"rendered":"<div id=\"pl-15\"  class=\"panel-layout\" >\n<div id=\"pg-15-0\"  class=\"panel-grid panel-no-style\" >\n<div id=\"pgc-15-0-0\"  class=\"panel-grid-cell\"  data-weight=\"1\" >\n<div id=\"panel-15-0-0-0\" class=\"so-panel widget widget_sow-editor panel-first-child panel-last-child\" data-index=\"0\" data-style=\"{&quot;background_image_attachment&quot;:false,&quot;background_display&quot;:&quot;tile&quot;}\" >\n<div class=\"so-widget-sow-editor so-widget-sow-editor-base\">\n<div class=\"siteorigin-widget-tinymce textwidget\">\n<p>Haftungsausschlu\u00df<\/p>\n<p>Die www.portugalaustria.at Seite ist eine Teamseite, von der \u00d6sterreichisch-Portugiesische Gesellschaft.<\/p>\n<p>Alle Texte, die Sie auf www.portugalaustria.at finden, sind lediglich allgemeine Informationen. Jede Haftung f\u00fcr die Richtigkeit, Vollst\u00e4ndigkeit und Aktualit\u00e4t ist ausgeschlossen.<\/p>\n<p>Jede Nutzung oder Nichtnutzung, zu welchem Zweck auch immer, erfolgt daher ausdr\u00fccklich auf eigene Gefahr. F\u00fcr eventuell entstandene Schaden wird seitens des Autors keine Haftung \u00fcbernommen.<\/p>\n<p>Aus sprachlichen Gr\u00fcnden werden geschlechtsbezogene Bezeichnungen manchmal nur in einer Form verwendet. Damit ist keine diskriminierende Bedeutung verbunden.<\/p>\n<p>Urheberschaft<\/p>\n<p>S\u00e4mtliche Texte auf www.portugalaustria.at sowie die Gestaltung und die dazugeh\u00f6rigen Elemente sind urheberrechtlich gesch\u00fctzt. Alle Rechte, insbesondere das Recht der Vervielf\u00e4ltigung und der Verbreitung sowie der \u00dcbersetzung sind vorbehalten. Kein Teil dieser Seiten darf in irgendeiner Form in welchem Verfahren auch immer ohne schriftliche Genehmigung des Autors reproduziert oder unter Verwendung elektronischer Systeme gespeichert, bearbeitet, vervielf\u00e4ltigt oder verbreitet werden. Der Download von Texten zum pers\u00f6nlichen, privaten und nicht-kommerziellen Gebrauch ist jedoch gestattet.<\/p>\n<p>Verantwortlichkeit f\u00fcr externe Links<\/p>\n<p>Verweise (\u201eLinks\u201c) zu anderen Internetseiten wurden sorgf\u00e4ltig ausgew\u00e4hlt. Da wir auf deren Inhalt keinen Einfluss haben, kann f\u00fcr sie keine Verantwortung \u00fcbernommen werden.<\/p>\n<p>Sollte eine der Seiten, auf die verwiesen wird, bedenkliche oder gesetzeswidrige Inhalte aufweisen, wird um Mitteilung ersucht, damit der Link entfernt werden kann.<\/p>\n<p>Zur deutlicheren Kennzeichnung werden alle Hyperlinks, die auf externe Ressourcen verweisen, in einer neuen Browserinstanz ge\u00f6ffnet (soweit von Ihrem Browser unterst\u00fctzt).<\/p>\n<\/div>\n<\/div>\n<\/div>\n<\/div>\n<\/div>\n<\/div>\n","protected":false},"excerpt":{"rendered":"<p>Haftungsausschlu\u00df Die www.portugalaustria.at Seite ist eine Teamseite, von der \u00d6sterreichisch-Portugiesische Gesellschaft. Alle Texte, die Sie auf www.portugalaustria.at finden, sind lediglich&hellip;<\/p>\n","protected":false},"author":1,"featured_media":0,"parent":0,"menu_order":0,"comment_status":"closed","ping_status":"closed","template":"","meta":{"footnotes":""},"class_list":["post-15","page","type-page","status-publish","hentry"],"_links":{"self":[{"href":"https:\/\/www.portugalaustria.at\/de-at\/wp-json\/wp\/v2\/pages\/15","targetHints":{"allow":["GET"]}}],"collection":[{"href":"https:\/\/www.portugalaustria.at\/de-at\/wp-json\/wp\/v2\/pages"}],"about":[{"href":"https:\/\/www.portugalaustria.at\/de-at\/wp-json\/wp\/v2\/types\/page"}],"author":[{"embeddable":true,"href":"https:\/\/www.portugalaustria.at\/de-at\/wp-json\/wp\/v2\/users\/1"}],"replies":[{"embeddable":true,"href":"https:\/\/www.portugalaustria.at\/de-at\/wp-json\/wp\/v2\/comments?post=15"}],"version-history":[{"count":4,"href":"https:\/\/www.portugalaustria.at\/de-at\/wp-json\/wp\/v2\/pages\/15\/revisions"}],"predecessor-version":[{"id":368,"href":"https:\/\/www.portugalaustria.at\/de-at\/wp-json\/wp\/v2\/pages\/15\/revisions\/368"}],"wp:attachment":[{"href":"https:\/\/www.portugalaustria.at\/de-at\/wp-json\/wp\/v2\/media?parent=15"}],"curies":[{"name":"wp","href":"https:\/\/api.w.org\/{rel}","templated":true}]}}