{"id":38,"date":"2018-02-14T07:23:56","date_gmt":"2018-02-14T06:23:56","guid":{"rendered":"http:\/\/www.portugalaustria.at\/de-at\/?page_id=38"},"modified":"2018-03-27T09:39:27","modified_gmt":"2018-03-27T07:39:27","slug":"geschichte-der-oepg","status":"publish","type":"page","link":"https:\/\/www.portugalaustria.at\/de-at\/geschichte-der-oepg\/","title":{"rendered":"Geschichte der \u00d6PG"},"content":{"rendered":"<div id=\"pl-38\"  class=\"panel-layout\" >\n<div id=\"pg-38-0\"  class=\"panel-grid panel-no-style\" >\n<div id=\"pgc-38-0-0\"  class=\"panel-grid-cell\"  data-weight=\"1\" >\n<div id=\"panel-38-0-0-0\" class=\"so-panel widget widget_sow-editor panel-first-child panel-last-child\" data-index=\"0\" data-style=\"{&quot;background_image_attachment&quot;:false,&quot;background_display&quot;:&quot;tile&quot;,&quot;font_color&quot;:&quot;#000000&quot;}\" >\n<div class=\"panel-widget-style panel-widget-style-for-38-0-0-0\" >\n<div class=\"so-widget-sow-editor so-widget-sow-editor-base\">\n<div class=\"siteorigin-widget-tinymce textwidget\">\n<h3>Kurze Geschichte der \u00d6sterreichisch \u2013 Portugiesischen Gesellschaft<\/h3>\n<p><span style=\"font-weight: 400;\">Die \u00d6sterreichisch-Portugiesische Gesellschaft (\u00d6PG) wurde im September 1978 gegr\u00fcndet und ist Ergebnis der Anstrengungen sowie des gro\u00dfen Einsatzes von Prof. Dr. Jos\u00e9 Palma Caetano und der Caritaskinder, die schon 1950 den \u201eClube dos Pequenos Portugueses em Viena\u201c (Club der kleinen Portugiesen in Wien) ger\u00fcndet hatten, der sp\u00e4ter den Namen \u201eClube dos Amigos de Portugal\u201c (Club der Freunde Portugals) erhielt. An ihrem Anfang stand die starke Verbindung der ungef\u00e4hr 5.500 \u00f6sterreichischen Kinder, die nach dem zweiten Weltkrieg von der Caritas zu Aufnahmefamilien in Portugal verschickt wurden, damit sie sich dort von den erlittenen Entbehrungen erholten. Im Laufe der Zeit und mit der fortschreitenden Stabilisierung der Situation in \u00d6sterreich, konnten die Kinder wieder in ihr Heimatland zur\u00fcckkehren. Diese R\u00fcckkehr hinderte die Kinder aber nicht, den Kontakt zu ihren portugiesischen Familien aufrecht zu erhalten und mancher Kontakt besteht bis heute. Tats\u00e4chlich waren sehr starke Verbindungen entstanden, die auch \u00fcber die Entfernung weiter bestanden und sogar noch nach vielen Jahren nicht nur ihre eigentlichen Beteiligten pr\u00e4gen, sondern auch die freundschaftlichen Bande, die zwischen diesen beiden L\u00e4ndern entstanden waren.<\/span><\/p>\n<p><span style=\"font-weight: 400;\">In diesem Umfeld gr\u00fcndeten PortugiesInnen und \u00d6sterreicherInnen die ersten Clubs und schufen einen gemeinsamen Ort, an dem unz\u00e4hlige Aktivit\u00e4ten des Austauschs und der Zusammenarbeit entwickelt wurden.<\/span><\/p>\n<p><span style=\"font-weight: 400;\">Einige Jahre sp\u00e4ter, n\u00e4mlich im Jahre 1978 und noch unter der Federf\u00fchrung von Prof. Dr. Palma Caetano, trat die \u201e\u00d6sterreichisch-Portugiesische Gesellschaft\u201c in eine neue Phase ein, denn sie wurde eine Gesellschaft mit bilateralem Statut und Mitglied von PAN (Partner Aller Nationen). Prof. Dr. Palma Caetano war bis 2006 Pr\u00e4sident dieser Gesellschaft und hinterl\u00e4sst ein grundlegendes Verm\u00e4chtnis.<\/span><\/p>\n<p><span style=\"font-weight: 400;\">Unter der nachfolgenden Pr\u00e4sidentschaft von Dr. Manuel Alexandre, der die \u00d6sterreichisch-Portugiesische Gesellschaft bis November 2009 leitete, fanden neue Initiativen statt. W\u00e4hrend seiner regen Amtszeit wurde die Zeitschrift Bom Dia Aktuell neu strukturiert, die Liste der Mitglieder erweitert und der Sitz der \u00d6PG in der Piaristengasse von Grund auf neu gestaltet. In den neuen R\u00e4umlichkeiten war Platz f\u00fcr neue Aktivit\u00e4ten und es wurden die T\u00fcren f\u00fcr eine neue Generation der Austro-PortugiesInnen ge\u00f6ffnet: die Lusinhos und die Lusos.<\/span><\/p>\n<p><span style=\"font-weight: 400;\">Von November 2009 bis Oktober 2017 stand die \u00d6sterreichisch-Portugiesische Gesellschaft unter der Leitung von Frau Gerlinde Weing\u00e4rtner, die selbst auch von der Caritas als Kind nach Portugal geschickt worden war. Frau Gerlinde Weing\u00e4rtner hielt diese Erinnerung der Caritas Kinder lebendig. W\u00e4hrend ihrer Leitung wurden verschiedene Initiativen auf kulturellem und diplomatischem Gebiet umgesetzt und die Beziehungen zu anderen Partnervereinen des PAN verst\u00e4rkt.<\/span><\/p>\n<p><span style=\"font-weight: 400;\">Die \u00d6PG erlangte ihren Platz nicht nur im Alltag der in \u00d6sterreich lebenden PortugiesInnen, sondern auch der \u00d6sterreicherInnen und anderen Staatsb\u00fcrgerInnen, die einen besonderen Bezug zu Portugal haben. Die durchgef\u00fchrten Aktivit\u00e4ten, wie z.B. Konferenzen, Seminare und soziale Events leisteten seither einen nennenswerten Beitrag zur Verbreitung der portugiesischen Kultur und zur Festigung der freundschaftlichen Bande zwischen Portugal und \u00d6sterreich.<\/span><\/div>\n<\/div>\n<\/div>\n<\/div>\n<\/div>\n<\/div>\n<\/div>\n","protected":false},"excerpt":{"rendered":"<p>Kurze Geschichte der \u00d6sterreichisch \u2013 Portugiesischen Gesellschaft Die \u00d6sterreichisch-Portugiesische Gesellschaft (\u00d6PG) wurde im September 1978 gegr\u00fcndet und ist Ergebnis der&hellip;<\/p>\n","protected":false},"author":1,"featured_media":0,"parent":0,"menu_order":0,"comment_status":"closed","ping_status":"closed","template":"","meta":{"footnotes":""},"class_list":["post-38","page","type-page","status-publish","hentry"],"_links":{"self":[{"href":"https:\/\/www.portugalaustria.at\/de-at\/wp-json\/wp\/v2\/pages\/38","targetHints":{"allow":["GET"]}}],"collection":[{"href":"https:\/\/www.portugalaustria.at\/de-at\/wp-json\/wp\/v2\/pages"}],"about":[{"href":"https:\/\/www.portugalaustria.at\/de-at\/wp-json\/wp\/v2\/types\/page"}],"author":[{"embeddable":true,"href":"https:\/\/www.portugalaustria.at\/de-at\/wp-json\/wp\/v2\/users\/1"}],"replies":[{"embeddable":true,"href":"https:\/\/www.portugalaustria.at\/de-at\/wp-json\/wp\/v2\/comments?post=38"}],"version-history":[{"count":6,"href":"https:\/\/www.portugalaustria.at\/de-at\/wp-json\/wp\/v2\/pages\/38\/revisions"}],"predecessor-version":[{"id":237,"href":"https:\/\/www.portugalaustria.at\/de-at\/wp-json\/wp\/v2\/pages\/38\/revisions\/237"}],"wp:attachment":[{"href":"https:\/\/www.portugalaustria.at\/de-at\/wp-json\/wp\/v2\/media?parent=38"}],"curies":[{"name":"wp","href":"https:\/\/api.w.org\/{rel}","templated":true}]}}