{"id":44,"date":"2018-02-14T07:23:56","date_gmt":"2018-02-14T06:23:56","guid":{"rendered":"http:\/\/www.portugalaustria.at\/de-at\/?page_id=44"},"modified":"2025-12-10T13:25:16","modified_gmt":"2025-12-10T12:25:16","slug":"bibliothek","status":"publish","type":"page","link":"https:\/\/www.portugalaustria.at\/de-at\/bibliothek\/","title":{"rendered":"Bibliothek"},"content":{"rendered":"<div id=\"pl-44\" class=\"panel-layout\">\n<div id=\"pg-44-0\" class=\"panel-grid panel-no-style\">\n<div id=\"pgc-44-0-0\" class=\"panel-grid-cell\" data-weight=\"1\">\n<div id=\"panel-44-0-0-0\" class=\"so-panel widget widget_sow-editor panel-first-child panel-last-child\" data-index=\"0\" data-style=\"{&quot;background_image_attachment&quot;:false,&quot;background_display&quot;:&quot;tile&quot;,&quot;font_color&quot;:&quot;#000000&quot;}\">\n<div class=\"panel-widget-style panel-widget-style-for-44-0-0-0\">\n<div class=\"so-widget-sow-editor so-widget-sow-editor-base\">\n<div class=\"siteorigin-widget-tinymce textwidget\">\n<p>Herzlich Willkommen in der Bibliothek der \u00d6PG! Unsere Bibliothek verf\u00fcgt \u00fcber Titel auf Portugiesisch und Deutsch zu den unterschiedlichsten Themen. Der Originalbestand der Bibliothek, der von den fr\u00fcheren Vorst\u00e4nden im Laufe der Zeit angelegt worden ist, umfasst 1148 Titel. Der aktuelle Bestand wird gerade \u00fcberarbeitet und in K\u00fcrze auf der Webseite der \u00d6PG verf\u00fcgbar sein.<\/p>\n<p><b>Entlehnbedingungen<\/b><\/p>\n<p>Falls Sie Interesse an einer Bibliothekskarte haben, wenden Sie sich bitte an <a href=\"mailto:portugiesisch@proton.me\">portugiesisch@proton.me<\/a> unter Angabe der folgenden Daten:<\/p>\n<ul>\n<li style=\"font-weight: 400;\">Ihre Mitgliedsnummer der \u00d6PG (falls Sie Mitglied sind)<\/li>\n<li style=\"font-weight: 400;\">Alter (wir verf\u00fcgen \u00fcber unterschiedliche Karten f\u00fcr Kinder und Erwachsene)<\/li>\n<li style=\"font-weight: 400;\">Kontaktdetails<\/li>\n<li style=\"font-weight: 400;\">Interessen<\/li>\n<\/ul>\n<p>Um ein Buch zu reservieren gen\u00fcgt es, ein E-Mail mit Ihrer Mitgliedsnummer an <a href=\"mailto:portugiesisch@proton.me\">portugiesisch@proton.me<\/a> zu senden. Sie werden umgehend informiert, ob der Titel im Moment verf\u00fcgbar ist oder nicht. Sie k\u00f6nnen den Titel entweder pers\u00f6nlich zum vereinbarten Zeitpunkt abholen oder Sie erhalten ihn per Post.<\/p>\n<p><b>Medien zum Verleih<\/b><\/p>\n<p>Sie k\u00f6nnen aus B\u00fcchern, Videos, DVDs, CD-ROM und Zeitschriften w\u00e4hlen.<\/p>\n<p>Von der Entlehnung ausgeschlossen: Nachschlagewerke und alle Medien, die mit einem gr\u00fcnen Zeichen auf dem R\u00fccken markiert sind.<\/p>\n<p><b>Entlehndauer und Anzahl von Titeln<\/b><\/p>\n<p>Die Nutzer k\u00f6nnen leihweise bis zu 5 Titel f\u00fcr die Dauer von 15 Tagen entlehnen. Sollte der Titel nicht von einem anderen Nutzer angefragt worden sein, kann die Entlehndauer um weitere 15 Tage verl\u00e4ngert werden. Die Verl\u00e4ngerung der Entlehndauer und Reservierungen k\u00f6nnen pers\u00f6nlich oder per E-Mail (<a href=\"mailto:portugiesisch@proton.me\">portugiesisch@proton.me<\/a>) vorgenommen werden.<\/p>\n<p>Bei Verlust oder Besch\u00e4digung des Exemplars ist selbiges der Bibliothek zu ersetzen.<\/p>\n<p>Die Bibliothek verf\u00fcgt auch \u00fcber einen Lesesaal, dessen \u00d6ffnungszeiten noch bekanntgegeben werden.<\/p>\n<\/div>\n<\/div>\n<\/div>\n<\/div>\n<\/div>\n<\/div>\n<\/div>\n","protected":false},"excerpt":{"rendered":"<p>Herzlich Willkommen in der Bibliothek der \u00d6PG! Unsere Bibliothek verf\u00fcgt \u00fcber Titel auf Portugiesisch und Deutsch zu den unterschiedlichsten Themen.&hellip;<\/p>\n","protected":false},"author":1,"featured_media":0,"parent":0,"menu_order":0,"comment_status":"closed","ping_status":"closed","template":"","meta":{"footnotes":""},"class_list":["post-44","page","type-page","status-publish","hentry"],"_links":{"self":[{"href":"https:\/\/www.portugalaustria.at\/de-at\/wp-json\/wp\/v2\/pages\/44","targetHints":{"allow":["GET"]}}],"collection":[{"href":"https:\/\/www.portugalaustria.at\/de-at\/wp-json\/wp\/v2\/pages"}],"about":[{"href":"https:\/\/www.portugalaustria.at\/de-at\/wp-json\/wp\/v2\/types\/page"}],"author":[{"embeddable":true,"href":"https:\/\/www.portugalaustria.at\/de-at\/wp-json\/wp\/v2\/users\/1"}],"replies":[{"embeddable":true,"href":"https:\/\/www.portugalaustria.at\/de-at\/wp-json\/wp\/v2\/comments?post=44"}],"version-history":[{"count":9,"href":"https:\/\/www.portugalaustria.at\/de-at\/wp-json\/wp\/v2\/pages\/44\/revisions"}],"predecessor-version":[{"id":1111,"href":"https:\/\/www.portugalaustria.at\/de-at\/wp-json\/wp\/v2\/pages\/44\/revisions\/1111"}],"wp:attachment":[{"href":"https:\/\/www.portugalaustria.at\/de-at\/wp-json\/wp\/v2\/media?parent=44"}],"curies":[{"name":"wp","href":"https:\/\/api.w.org\/{rel}","templated":true}]}}