{"id":977,"date":"2025-09-26T13:39:30","date_gmt":"2025-09-26T11:39:30","guid":{"rendered":"https:\/\/www.portugalaustria.at\/de-at\/?page_id=977"},"modified":"2026-01-24T19:36:00","modified_gmt":"2026-01-24T18:36:00","slug":"veranstaltungen","status":"publish","type":"page","link":"https:\/\/www.portugalaustria.at\/de-at\/veranstaltungen\/","title":{"rendered":""},"content":{"rendered":"\n<h2 class=\"wp-block-heading\">Unsere aktuellen Veranstaltungen<\/h2>\n\n\n\n<p><\/p>\n\n\n\n<p><a href=\"https:\/\/www.portugalaustria.at\/de-at\/\">https:\/\/www.portugalaustria.at\/de-at\/<\/a><\/p>\n\n\n\n<p><\/p>\n\n\n\n<h2 class=\"wp-block-heading\">R\u00fcckblicke auf unsere Veranstaltungen<\/h2>\n\n\n\n<p><\/p>\n\n\n\n<p><strong>VERANSTALTUNGEN 2026<\/strong><\/p>\n\n\n\n<p><a href=\"https:\/\/www.portugalaustria.at\/de-at\/wp-content\/uploads\/2026\/01\/60-Jahr.pdf\" data-type=\"attachment\" data-id=\"1230\">17. Janner: 60-Jahr-Jubil\u00e4um \u00d6PG<\/a><\/p>\n\n\n\n<p><\/p>\n\n\n\n<p><strong>VERANSTALTUNGEN 2025<\/strong><\/p>\n\n\n\n<p>28. M\u00e4rz: Hauptversammlung,<\/p>\n\n\n\n<p>10. Mai: Juan Moreda &#8211; Festival Contempor\u00e4rer Musik<\/p>\n\n\n\n<p>21. Mai: Sandra Pires &#8211; SHOW<\/p>\n\n\n\n<p>10. Juni: Dia de Portugal \u2013 Nationalfeiertag<\/p>\n\n\n\n<p>13. Juni: erstes &#8222;Sprachcaf\u00e9&#8220;<\/p>\n\n\n\n<p>Juli &#8211; August: &#8211; Sommerpause &#8211;<\/p>\n\n\n\n<p>13. September: erste &#8222;Rodinha De Canto&#8220;<\/p>\n\n\n\n<p>19. September: Miropa Weinverkostung<\/p>\n\n\n\n<p>26. September: Cl\u00e1udia Fernandes &#8211; &#8222;Vozes das Independ\u00eancias&#8220;<\/p>\n\n\n\n<p>9. Oktober: Filmvorf\u00fchrung &#8222;Viagem ao Sol&#8220;<\/p>\n\n\n\n<p>17. Oktober: &#8222;Caritas-Kinder&#8220; Abend<\/p>\n\n\n\n<p>24. Oktober: &nbsp;Cl\u00e1udia Fernandes &#8222;Guinea Bissau&#8220;<\/p>\n\n\n\n<p>30. Oktober: Buchvorstellung, &#8222;Homo Oeconomicus &#8222;Herren Uhl und Schausperger<\/p>\n\n\n\n<p>6. November: &#8222;paradiesische Azoren&#8220;, Herr A. Weber<\/p>\n\n\n\n<p>14. November: Martinifest \u2013 &#8222;S\u00e3o Martinho&#8220;<\/p>\n\n\n\n<p>18. November: Preisverleihung durch PaN an die \u00d6sterreich Portugiesische Gesellschaft<\/p>\n\n\n\n<p>21. November: Cl\u00e1udia Fernandes &#8222;Angola&#8220;<\/p>\n\n\n\n<p>4. Dezember: Wiederholung &#8211; Filmvorf\u00fchrung &nbsp;&#8222;Viagem ao Sol&#8220; 12. Dezember: Weihnachtsfeier<\/p>\n\n\n\n<p><\/p>\n\n\n\n<p><\/p>\n","protected":false},"excerpt":{"rendered":"<p>Unsere aktuellen Veranstaltungen https:\/\/www.portugalaustria.at\/de-at\/ R\u00fcckblicke auf unsere Veranstaltungen VERANSTALTUNGEN 2026 17. Janner: 60-Jahr-Jubil\u00e4um \u00d6PG VERANSTALTUNGEN 2025 28. M\u00e4rz: Hauptversammlung, 10.&hellip;<\/p>\n","protected":false},"author":1,"featured_media":0,"parent":0,"menu_order":0,"comment_status":"closed","ping_status":"closed","template":"","meta":{"footnotes":""},"class_list":["post-977","page","type-page","status-publish","hentry"],"_links":{"self":[{"href":"https:\/\/www.portugalaustria.at\/de-at\/wp-json\/wp\/v2\/pages\/977","targetHints":{"allow":["GET"]}}],"collection":[{"href":"https:\/\/www.portugalaustria.at\/de-at\/wp-json\/wp\/v2\/pages"}],"about":[{"href":"https:\/\/www.portugalaustria.at\/de-at\/wp-json\/wp\/v2\/types\/page"}],"author":[{"embeddable":true,"href":"https:\/\/www.portugalaustria.at\/de-at\/wp-json\/wp\/v2\/users\/1"}],"replies":[{"embeddable":true,"href":"https:\/\/www.portugalaustria.at\/de-at\/wp-json\/wp\/v2\/comments?post=977"}],"version-history":[{"count":14,"href":"https:\/\/www.portugalaustria.at\/de-at\/wp-json\/wp\/v2\/pages\/977\/revisions"}],"predecessor-version":[{"id":1232,"href":"https:\/\/www.portugalaustria.at\/de-at\/wp-json\/wp\/v2\/pages\/977\/revisions\/1232"}],"wp:attachment":[{"href":"https:\/\/www.portugalaustria.at\/de-at\/wp-json\/wp\/v2\/media?parent=977"}],"curies":[{"name":"wp","href":"https:\/\/api.w.org\/{rel}","templated":true}]}}